{"id":44369,"date":"2024-11-30T02:24:37","date_gmt":"2024-11-30T02:24:37","guid":{"rendered":"https:\/\/aykana.ma\/?page_id=44369"},"modified":"2024-12-01T00:05:20","modified_gmt":"2024-12-01T00:05:20","slug":"404-2","status":"publish","type":"page","link":"https:\/\/aykana.ma\/ar\/404-2\/","title":{"rendered":"404-2"},"content":{"rendered":"<div class=\"error-container text-center\">\n    \n    <!-- Main Error Message -->\n    <h4>\n        \u062a\u0645 \u0628\u064a\u0639 \u0647\u0630\u0627 \u0627\u0644\u0639\u0642\u0627\u0631...\n    <\/h4>\n    \n    <!-- Description -->\n    <h5 class=\"error-description\">\n        <br>\n        \u0644\u0627 \u062a\u0642\u0644\u0642\u060c \u0644\u062f\u064a\u0646\u0627 \u0639\u0642\u0627\u0631\u0627\u062a \u0623\u062e\u0631\u0649 \u0642\u062f \u062a\u0647\u0645\u0643.\n    <\/h5>\n    \n    <!-- Action Buttons -->\n    <div class=\"action-buttons\">\n        <br>\n        <a href=\"\/ar\/\" class=\"btn btn-primary\">\n            \u0627\u0644\u0639\u0648\u062f\u0629 \u0625\u0644\u0649 \u0627\u0644\u0645\u0646\u0632\u0644\n        <\/a>\n        \n        <a href=\"https:\/\/aykana.ma\/ar\/search-results\/?keyword=&#038;bedrooms=&#038;bathrooms=&#038;rooms=&#038;property_id=&#038;min-area=&#038;max-area=&#038;min-price=&#038;max-price=\" \n           class=\"btn btn-secondary\">\n            \u062a\u0635\u0641\u062d \u0639\u0642\u0627\u0631\u0627\u062a\u0646\u0627\n        <\/a>\n    <\/div>\n    \n    <!-- Helpful Links Section -->\n    <div class=\"helpful-links mt-4\">\n        \n    <\/div>\n    \n    <!-- Search Suggestion -->\n    <div class=\"search-suggestion mt-4\">\n        \n        <p>\n            \u0623\u0648 \u0627\u0633\u062a\u062e\u062f\u0645 \u0628\u062d\u062b\u0646\u0627 \u0627\u0644\u0645\u062a\u0642\u062f\u0645 \u0644\u0644\u0639\u062b\u0648\u0631 \u0639\u0644\u0649 \u0639\u0642\u0627\u0631\u0643 \u0627\u0644\u0645\u062b\u0627\u0644\u064a\n        <\/p>\n    <\/div>\n<!-- Helpful Links Section -->\n<div class=\"helpful-links mt-4\">\n    <h3>\n    <\/h3>\n    \n    <div class=\"button-group\">\n        <a href=\"https:\/\/aykana.ma\/ar\/search-results\/?keyword=&#038;status[]=achat&#038;rooms=&#038;bedrooms=&#038;bathrooms=&#038;property_id=&#038;min-area=&#038;max-area=&#038;min-price=&#038;max-price=\" \n           class=\"btn mb-2\" \n           style=\"border: 2px solid #ff2800; color: #ff2800; background-color: white; margin: 5px;\">\n            \u0639\u0642\u0627\u0631\u0627\u062a \u0644\u0644\u0628\u064a\u0639\n        <\/a>\n        \n        <a href=\"https:\/\/aykana.ma\/ar\/search-results\/?keyword=&#038;status[]=location&#038;rooms=&#038;bedrooms=&#038;bathrooms=&#038;property_id=&#038;min-area=&#038;max-area=&#038;min-price=&#038;max-price=\" \n           class=\"btn mb-2\" \n           style=\"border: 2px solid #ff2800; color: #ff2800; background-color: white; margin: 5px;\">\n            \u0639\u0642\u0627\u0631\u0627\u062a \u0644\u0644\u0625\u064a\u062c\u0627\u0631\n        <\/a>\n        \n        <a href=\"https:\/\/aykana.ma\/ar\/search-results\/?keyword=&#038;status[]=location-meublee&#038;rooms=&#038;bedrooms=&#038;bathrooms=&#038;property_id=&#038;min-area=&#038;max-area=&#038;min-price=&#038;max-price=\" \n           class=\"btn mb-2\" \n           style=\"border: 2px solid #ff2800; color: #ff2800; background-color: white; margin: 5px;\">\n            \u0643\u0631\u0627\u0621 \u0645\u0641\u0631\u0648\u0634\n        <\/a>\n        \n        <a href=\"\/ar\/contact\/\" \n           class=\"btn mb-2\" \n           style=\"border: 2px solid #ff2800; color: #ff2800; background-color: white; margin: 5px;\">\n            \u0627\u062a\u0635\u0644 \u0628\u0646\u0627\n        <\/a>\n    <\/div>\n<\/div>\n<\/div>","protected":false},"excerpt":{"rendered":"<p>Ce bien a \u00e9t\u00e9 vendu &#8230; Ne vous inqui\u00e9tez pas, nous avons d&#8217;autres propri\u00e9t\u00e9s qui pourraient vous int\u00e9resser. Retour \u00e0 l&#8217;accueil Parcourir nos biens Ou utilisez notre recherche avanc\u00e9e pour trouver votre propri\u00e9t\u00e9 id\u00e9ale Propri\u00e9t\u00e9s \u00e0 vendre Propri\u00e9t\u00e9s \u00e0 louer Location meubl\u00e9e Contactez-nous<\/p>","protected":false},"author":1,"featured_media":0,"parent":0,"menu_order":0,"comment_status":"closed","ping_status":"closed","template":"","meta":{"rank_math_lock_modified_date":false,"footnotes":""},"class_list":["post-44369","page","type-page","status-publish","hentry"],"_links":{"self":[{"href":"https:\/\/aykana.ma\/ar\/wp-json\/wp\/v2\/pages\/44369"}],"collection":[{"href":"https:\/\/aykana.ma\/ar\/wp-json\/wp\/v2\/pages"}],"about":[{"href":"https:\/\/aykana.ma\/ar\/wp-json\/wp\/v2\/types\/page"}],"author":[{"embeddable":true,"href":"https:\/\/aykana.ma\/ar\/wp-json\/wp\/v2\/users\/1"}],"replies":[{"embeddable":true,"href":"https:\/\/aykana.ma\/ar\/wp-json\/wp\/v2\/comments?post=44369"}],"version-history":[{"count":29,"href":"https:\/\/aykana.ma\/ar\/wp-json\/wp\/v2\/pages\/44369\/revisions"}],"predecessor-version":[{"id":44399,"href":"https:\/\/aykana.ma\/ar\/wp-json\/wp\/v2\/pages\/44369\/revisions\/44399"}],"wp:attachment":[{"href":"https:\/\/aykana.ma\/ar\/wp-json\/wp\/v2\/media?parent=44369"}],"curies":[{"name":"wp","href":"https:\/\/api.w.org\/{rel}","templated":true}]}}