{"id":44369,"date":"2024-11-30T02:24:37","date_gmt":"2024-11-30T02:24:37","guid":{"rendered":"https:\/\/aykana.ma\/?page_id=44369"},"modified":"2024-12-01T00:05:20","modified_gmt":"2024-12-01T00:05:20","slug":"404-2","status":"publish","type":"page","link":"https:\/\/aykana.ma\/en\/404-2\/","title":{"rendered":"404-2"},"content":{"rendered":"<div class=\"error-container text-center\">\n    \n    <!-- Main Error Message -->\n    <h4>\n        This property has been sold \u2026\n    <\/h4>\n    \n    <!-- Description -->\n    <h5 class=\"error-description\">\n        <br>\n        Don&#039;t worry, we have other properties that might interest you.\n    <\/h5>\n    \n    <!-- Action Buttons -->\n    <div class=\"action-buttons\">\n        <br>\n        <a href=\"\/en\/\" class=\"btn btn-primary\">\n            Back to home\n        <\/a>\n        \n        <a href=\"https:\/\/aykana.ma\/en\/search-results\/?keyword=&#038;bedrooms=&#038;bathrooms=&#038;rooms=&#038;property_id=&#038;min-area=&#038;max-area=&#038;min-price=&#038;max-price=\" \n           class=\"btn btn-secondary\">\n            Browse our properties\n        <\/a>\n    <\/div>\n    \n    <!-- Helpful Links Section -->\n    <div class=\"helpful-links mt-4\">\n        \n    <\/div>\n    \n    <!-- Search Suggestion -->\n    <div class=\"search-suggestion mt-4\">\n        \n        <p>\n            Or use our advanced search to find your ideal property\n        <\/p>\n    <\/div>\n<!-- Helpful Links Section -->\n<div class=\"helpful-links mt-4\">\n    <h3>\n    <\/h3>\n    \n    <div class=\"button-group\">\n        <a href=\"https:\/\/aykana.ma\/en\/search-results\/?keyword=&#038;status[]=achat&#038;rooms=&#038;bedrooms=&#038;bathrooms=&#038;property_id=&#038;min-area=&#038;max-area=&#038;min-price=&#038;max-price=\" \n           class=\"btn mb-2\" \n           style=\"border: 2px solid #ff2800; color: #ff2800; background-color: white; margin: 5px;\">\n            Properties for sale\n        <\/a>\n        \n        <a href=\"https:\/\/aykana.ma\/en\/search-results\/?keyword=&#038;status[]=location&#038;rooms=&#038;bedrooms=&#038;bathrooms=&#038;property_id=&#038;min-area=&#038;max-area=&#038;min-price=&#038;max-price=\" \n           class=\"btn mb-2\" \n           style=\"border: 2px solid #ff2800; color: #ff2800; background-color: white; margin: 5px;\">\n            Properties for rent\n        <\/a>\n        \n        <a href=\"https:\/\/aykana.ma\/en\/search-results\/?keyword=&#038;status[]=location-meublee&#038;rooms=&#038;bedrooms=&#038;bathrooms=&#038;property_id=&#038;min-area=&#038;max-area=&#038;min-price=&#038;max-price=\" \n           class=\"btn mb-2\" \n           style=\"border: 2px solid #ff2800; color: #ff2800; background-color: white; margin: 5px;\">\n            Furnished rental\n        <\/a>\n        \n        <a href=\"\/en\/contact\/\" \n           class=\"btn mb-2\" \n           style=\"border: 2px solid #ff2800; color: #ff2800; background-color: white; margin: 5px;\">\n            Contact us\n        <\/a>\n    <\/div>\n<\/div>\n<\/div>","protected":false},"excerpt":{"rendered":"<p>Ce bien a \u00e9t\u00e9 vendu &#8230; Ne vous inqui\u00e9tez pas, nous avons d&#8217;autres propri\u00e9t\u00e9s qui pourraient vous int\u00e9resser. Retour \u00e0 l&#8217;accueil Parcourir nos biens Ou utilisez notre recherche avanc\u00e9e pour trouver votre propri\u00e9t\u00e9 id\u00e9ale Propri\u00e9t\u00e9s \u00e0 vendre Propri\u00e9t\u00e9s \u00e0 louer Location meubl\u00e9e Contactez-nous<\/p>","protected":false},"author":1,"featured_media":0,"parent":0,"menu_order":0,"comment_status":"closed","ping_status":"closed","template":"","meta":{"rank_math_lock_modified_date":false,"footnotes":""},"class_list":["post-44369","page","type-page","status-publish","hentry"],"_links":{"self":[{"href":"https:\/\/aykana.ma\/en\/wp-json\/wp\/v2\/pages\/44369"}],"collection":[{"href":"https:\/\/aykana.ma\/en\/wp-json\/wp\/v2\/pages"}],"about":[{"href":"https:\/\/aykana.ma\/en\/wp-json\/wp\/v2\/types\/page"}],"author":[{"embeddable":true,"href":"https:\/\/aykana.ma\/en\/wp-json\/wp\/v2\/users\/1"}],"replies":[{"embeddable":true,"href":"https:\/\/aykana.ma\/en\/wp-json\/wp\/v2\/comments?post=44369"}],"version-history":[{"count":29,"href":"https:\/\/aykana.ma\/en\/wp-json\/wp\/v2\/pages\/44369\/revisions"}],"predecessor-version":[{"id":44399,"href":"https:\/\/aykana.ma\/en\/wp-json\/wp\/v2\/pages\/44369\/revisions\/44399"}],"wp:attachment":[{"href":"https:\/\/aykana.ma\/en\/wp-json\/wp\/v2\/media?parent=44369"}],"curies":[{"name":"wp","href":"https:\/\/api.w.org\/{rel}","templated":true}]}}